{"id":1292,"date":"2019-03-19T10:40:23","date_gmt":"2019-03-19T10:40:23","guid":{"rendered":"https:\/\/www.bbdbouwmanagement.com\/over-bbd\/"},"modified":"2019-06-27T14:20:06","modified_gmt":"2019-06-27T14:20:06","slug":"ueber-bbd","status":"publish","type":"page","link":"https:\/\/www.bbdbouwmanagement.com\/de\/ueber-bbd\/","title":{"rendered":"\u00dcber BBD"},"content":{"rendered":"<div class=\"mk_sectie cms0 overbbd0\"\n          >\n     \n      \n            <div class=\"mk_rij mk_rij_kolom_2\"\n                >\n    \n                \n        <div class=\"mk_kolom mk_kolom_2 mk_kolom_1_2\"\n                  >\n                \n            \n      \t<div class=\"mk_module mk_afbeelding\">\n      <div class=\"mk_afbeelding_inner\">\n\n\t<img decoding=\"async\"  \n      src=\"https:\/\/www.bbdbouwmanagement.com\/wp-content\/uploads\/2019\/05\/GW-WtH-vergaderen-6-verkleind.jpg\" \n      alt=\"Over BBD 1\" titel=\"Over BBD 1\"\n      \n    >      <\/div>\n    <\/div> <!-- mk_module -->\n            <\/div>  \n\n    \n    <div class=\"mk_kolom mk_kolom_2 mk_kolom_1_2\"\n        >\n      \n        \t<div class=\"mk_module mk_tekst\">\n      <div class=\"mk_tekst_inner\">\n<h6>Over BBD<\/h6>\n<h2><strong>Unsere St\u00e4rke<\/strong><\/h2>\n<p>BBD Bouwmanagement ist ein unabh\u00e4ngiges Beratungsunternehmen f\u00fcr Geb\u00e4ude mit \u00fcber 10 Jahren Erfahrung. BBD Bouwmanagement ist spezialisiert auf Projektmanagement und Beratung in den Bereichen Regierungs-und Firmenwohnungen, Wohnen im Gesundheitswesen, Kultur-und Freizeitunterk\u00fcnfte, Fl\u00e4chenentwicklung und in Bewertungen, Marktanalyse und Machbarkeitsstudie von Immobilien. BBD Bouwmanagement ist auch in der Privatwirtschaft aktiv.<\/p>\n<\/div>\n    <\/div> <!-- mk_module -->\n  \n      \n      \n              <\/div>\n          <\/div> <!-- mk_rij -->\n        \n          <\/div> <!-- mk_sectie -->\n      <div class=\"mk_sectie titleunderscore\"\n          >\n     \n      \n            <div class=\"mk_rij mk_rij_kolom_2\"\n                >\n    \n                \n        <div class=\"mk_kolom mk_kolom_2 mk_kolom_1_2\"\n                  >\n                \n            \n      \t<div class=\"mk_module mk_tekst\">\n      <div class=\"mk_tekst_inner\">\n<h2>Wie is BBD<\/h2>\n<p>Charakteristisch:<\/p>\n<p>BBD Bouwmanagement zeichnet sich durch eine informelle und enge Zusammenarbeit aus. Der Wissens- und Erfahrungsaustausch sowie eine positive, sowohl interne als auch externe kritische Haltung zeichnen BBD Bouwmanagement aus. Wir beraten unsere Kunden unabh\u00e4ngig, wobei Ihre Interessen von zentraler Bedeutung sind. Es bestehen keine Bindungen oder Allianzen mit Dritten.<\/p>\n<p>Wir sind ein breit aufgestelltes Beratungsunternehmen mit Kenntnissen des Immobilienmarktes und des Bauprozesses. Unsere Berater \/ Projektleiter unterst\u00fctzen Sie bei Bewertungen, der Beurteilung von Immobilientransaktionen von B\u00fcror\u00e4umen, Gesch\u00e4ftsr\u00e4umen und Gesch\u00e4ften sowie von als Finanzinvestition gehaltenen Immobilien.<\/p>\n<p>Neben zufriedenen Kunden ist das eigene professionelle Bed\u00fcrfnis, mit der Beratung und den angebotenen Dienstleistungen zufrieden zu sein, ein wichtiger Treiber.<\/p>\n<\/div>\n    <\/div> <!-- mk_module -->\n            <\/div>  \n\n    \n    <div class=\"mk_kolom mk_kolom_2 mk_kolom_1_2\"\n        >\n      \n        \t<div class=\"mk_module mk_afbeelding\">\n      <div class=\"mk_afbeelding_inner\">\n\n\t<img decoding=\"async\"  \n      src=\"https:\/\/www.bbdbouwmanagement.com\/wp-content\/uploads\/2019\/04\/overons-1024x668.jpg\" \n      alt=\"Over BBD 4\" titel=\"Over BBD 4\"\n      \n    >      <\/div>\n    <\/div> <!-- mk_module -->\n  \n      \n      \n              <\/div>\n          <\/div> <!-- mk_rij -->\n        \n          <\/div> <!-- mk_sectie -->\n      <div class=\"mk_sectie overbbd1 fullwidth nopadding\"\n       style=\"background-color:#ffffff;\"    >\n     \n      \n            <div class=\"mk_rij mk_rij_kolom_1\"\n                >\n    \n                \n        <div class=\"mk_kolom mk_kolom_1 mk_kolom_1_1\"\n                  >\n                \n            \n      \t<div class=\"mk_module mk_code\">\n      <div class=\"mk_code_inner\">\n\t\r\n<div class=\"mk_sectie onzekwaliteiten\">\r\n    <div class=\"mk_rij\">\r\n        <div class=\"mk_kolom mk_kolom_1_1\">\r\n            <h6>Wir sind BBD<\/h6>\r\n            <h2>Unsere besondere Qualit\u00e4ten<\/h2>\r\n            <p>Im Rahmen des gesamten Bauprozesses arbeiten wir nach einer Reihe wichtiger Werte. Das sind Werte, an die Sie uns appellieren k\u00f6nnen. Das ist unsere Garantie f\u00fcr Sie. Wir sind die Erweiterung, der Berater oder der Bauleiter w\u00e4hrend des gesamten Bauprozesses oder nur ein Teil davon.<\/p>\r\n        <\/div>\r\n    <\/div> \r\n\r\n\r\n    <div class=\"mk_rij\">\r\n<div data-slug=\"fachkundig\" class=\"kwaliteit mk_kolom mk_kolom_3 mk_kolom_1_3\">\r\n    <div class=\"mk_module mk_afbeelding\">\r\n    <img loading=\"lazy\" decoding=\"async\" width=\"384\" height=\"384\" src=\"https:\/\/www.bbdbouwmanagement.com\/wp-content\/uploads\/2019\/03\/002-planning.svg\" class=\"attachment-large size-large\" alt=\"Home 9\" \/>        <\/div> <!-- mk_module -->\r\n        <div class=\"mk_module mk_titel\">\r\n            <div class=\"mk_titel_inner\">\r\n                <h2>Fachkundig<\/h2>\r\n            <\/div>\r\n        <\/div> <!-- mk_module -->\r\n    <\/div>\r\n    <div data-slug=\"kostensparend\" class=\"kwaliteit mk_kolom mk_kolom_3 mk_kolom_1_3\">\r\n    <div class=\"mk_module mk_afbeelding\">\r\n    <img loading=\"lazy\" decoding=\"async\" width=\"384\" height=\"384\" src=\"https:\/\/www.bbdbouwmanagement.com\/wp-content\/uploads\/2019\/03\/003-growth.svg\" class=\"attachment-large size-large\" alt=\"Home 10\" \/>        <\/div> <!-- mk_module -->\r\n        <div class=\"mk_module mk_titel\">\r\n            <div class=\"mk_titel_inner\">\r\n                <h2>Kostensparend<\/h2>\r\n            <\/div>\r\n        <\/div> <!-- mk_module -->\r\n    <\/div>\r\n    <div data-slug=\"gute-kommunikation\" class=\"kwaliteit mk_kolom mk_kolom_3 mk_kolom_1_3\">\r\n    <div class=\"mk_module mk_afbeelding\">\r\n    <img loading=\"lazy\" decoding=\"async\" width=\"384\" height=\"384\" src=\"https:\/\/www.bbdbouwmanagement.com\/wp-content\/uploads\/2019\/03\/001-collaboration.svg\" class=\"attachment-large size-large\" alt=\"Home 11\" \/>        <\/div> <!-- mk_module -->\r\n        <div class=\"mk_module mk_titel\">\r\n            <div class=\"mk_titel_inner\">\r\n                <h2>Gute Kommunikation<\/h2>\r\n            <\/div>\r\n        <\/div> <!-- mk_module -->\r\n    <\/div>\r\n    <\/div>\r\n<div class=\"mk_rij\">\r\n    <div class=\"line\"><div class=\"selector\"><\/div><\/div>\r\n        <div data-slug=\"fachkundig\" class=\"kwaliteit-content\" style=\"display:none\">\r\n        <p>Es ist unbestreitbar, dass jeder Mitarbeiter auf der Basis von Professionalit\u00e4t ausgew\u00e4hlt wird. Nicht nur hat jeder die richtigen Diplome, in denen HBO minimal ist, sondern wir bieten auch weiterhin kontinuierliche Schulungen an. Wir verfolgen neue Bautechniken, \u00c4nderungen in Gesetzgebung und Vorschriften und Entwicklungen im Markt. Das machen wir f\u00fcr Sie als Kunde, aber auch f\u00fcr uns. Einfach weil wir eine Leidenschaft f\u00fcr unseren Beruf haben. Dank dieses kontinuierlichen Trainings sind wir in der Lage, Sie in Bezug auf die M\u00f6glichkeiten Ihres Projekts zu beraten.<\/p>\n    <\/div>\r\n        <div data-slug=\"kostensparend\" class=\"kwaliteit-content\" style=\"display:none\">\r\n        <p>Haben Sie einen \u00dcberblick \u00fcber die gesamten Gr\u00fcndungskosten Ihres Bauvorhabens? Und haben Sie alles mitgenommen, inklusive Wartungskosten pro Jahr? Wir helfen Ihnen gerne, den &#8218;Ordner&#8216; zusammenzustellen: welche M\u00f6glichkeiten gibt es, welche Materialien sind geeignet und welches Bauvolumen passt am besten zu Ihrem Budget? Mit diesem Ordner k\u00f6nnen Sie zu einem Architekten oder Auftragnehmer gehen. Wir wissen, welche Partei zu dem Projekt passt, wie die finanziellen Positionen der verschiedenen Parteien sind und wovon sie sich abgrenzen. In jedem Fall f\u00fchrt diese Kenntnis und Bau\u00fcberwachung zu Kosteneinsparungen.<\/p>\n    <\/div>\r\n        <div data-slug=\"gute-kommunikation\" class=\"kwaliteit-content\" style=\"display:none\">\r\n        <p>Gute Kommunikation ist ein Beruf f\u00fcr sich. Bei BBD Bouwmanagement bedeutet gute Kommunikation:<\/p>\n<ul>\n<li>ein Kontaktpunkt<\/li>\n<li>klare Vereinbarungen<\/li>\n<li>eine klare Organisationsstruktur<\/li>\n<\/ul>\n<p>Wir halten Sie \u00fcber die (Bau-) Anspr\u00fcche und die Einhaltung oder Nichteinhaltung von Vereinbarungen der verschiedenen Parteien auf dem Laufenden. Dar\u00fcber hinaus sind wir Ihr Ansprechpartner, wenn Sie Anmerkungen zum Bauablauf haben. Dies verhindert, dass Sie Vereinbarungen mit zu vielen Parteien treffen m\u00fcssen und dass der Prozess f\u00fcr alle, die zu Ihrem Projekt beitragen, klar bleibt.<\/p>\n    <\/div>\r\n        <\/div>\r\n    <\/div> <!-- mk_rij -->      <\/div>\n    <\/div> <!-- mk_module -->\n  \n      \n      \n              <\/div>\n          <\/div> <!-- mk_rij -->\n        \n          <\/div> <!-- mk_sectie -->\n      <div class=\"mk_sectie overbbd2 titleunderscore hide\"\n          >\n     \n      \n            <div class=\"mk_rij mk_rij_kolom_1\"\n                >\n    \n                \n        <div class=\"mk_kolom mk_kolom_1 mk_kolom_1_1\"\n                  >\n                \n            \n      \t<div class=\"mk_module mk_titel\">\n      <div class=\"mk_titel_inner\">\n\t<h2>Wat doet BBD<\/h2>      <\/div>\n    <\/div> <!-- mk_module -->\n  \n      \n      \n              <\/div>\n          <\/div> <!-- mk_rij -->\n        \n          <\/div> <!-- mk_sectie -->\n      <div class=\"mk_sectie tabsectie titleunderscore overbbd3 hide\"\n          >\n     \n      <div class=\"mk_sectie_inner\">\n            <div class=\"mk_rij mk_rij_kolom_1\"\n                >\n    \n                \n        <div class=\"mk_kolom mk_kolom_1 mk_kolom_1_1\"\n                  >\n          <div class=\"mk_kolom_inner\">      \n            \n      \t<div class=\"mk_module mk_code\">\n      <div class=\"mk_code_inner\">\n\t \r\n\r\n       <\/div>\n    <\/div> <!-- mk_module -->\n  \n      \n      \n        <\/div>      <\/div>\n          <\/div> <!-- mk_rij -->\n        \n      <\/div>    <\/div> <!-- mk_sectie -->\n      <div class=\"mk_sectie fullwidth titleunderscore nopadding hide\"\n          >\n     \n      \n            <div class=\"mk_rij mk_rij_kolom_1\"\n                >\n    \n                \n        <div class=\"mk_kolom mk_kolom_1 mk_kolom_1_1\"\n                  >\n                \n            \n      \t<div class=\"mk_module mk_code\">\n      <div class=\"mk_code_inner\">\n\t<div class=\"mk_sectie fases\">\r\n    <div class=\"mk_rij\">\r\n            <h2>Fases binnen het proces<\/h2>\r\n        <ul class=\"fases-list\">\r\n                <li data-slug=\"initiatiefase\" style=\"background-image:url('https:\/\/www.bbdbouwmanagement.com\/wp-content\/uploads\/2019\/03\/fase-4.png');\">\r\n            <div class=\"title\">Initiatiefase<\/div>\r\n            <div class=\"desc\">De routekaart van uw project<\/div>\r\n        <\/li>\r\n        <div class=\"border\"><\/div>\r\n                <li data-slug=\"ontwerpfase\" style=\"background-image:url('https:\/\/www.bbdbouwmanagement.com\/wp-content\/uploads\/2019\/03\/fase-5.png');\">\r\n            <div class=\"title\">Ontwerpfase<\/div>\r\n            <div class=\"desc\">de contouren van uw project<\/div>\r\n        <\/li>\r\n        <div class=\"border\"><\/div>\r\n                <li data-slug=\"voorbereidingsfase\" style=\"background-image:url('https:\/\/www.bbdbouwmanagement.com\/wp-content\/uploads\/2019\/03\/fase-3.png');\">\r\n            <div class=\"title\">Voorbereidingsfase<\/div>\r\n            <div class=\"desc\">de final check op weg naar realisatie<\/div>\r\n        <\/li>\r\n        <div class=\"border\"><\/div>\r\n                <li data-slug=\"realisatiefase\" style=\"background-image:url('https:\/\/www.bbdbouwmanagement.com\/wp-content\/uploads\/2019\/03\/fase-2.png');\">\r\n            <div class=\"title\">Realisatiefase<\/div>\r\n            <div class=\"desc\">bouwbegeleiding voor een optimaal eindresultaat<\/div>\r\n        <\/li>\r\n        <div class=\"border\"><\/div>\r\n                <li data-slug=\"nazorg\" style=\"background-image:url('https:\/\/www.bbdbouwmanagement.com\/wp-content\/uploads\/2019\/05\/nazorg.png');\">\r\n            <div class=\"title\">Nazorg<\/div>\r\n            <div class=\"desc\">behoud het goede<\/div>\r\n        <\/li>\r\n        <div class=\"border\"><\/div>\r\n                \r\n        <\/ul>\r\n        <div class=\"fases-content\">\r\n                <div data-slug=\"initiatiefase\" class=\"content\">\r\n            <p>Een project is pas succesvol als vooraf helder is wat de uitgangspunten zijn. Als iedereen weet wat er van hem of haar verwacht wordt, is de kans op een soepel verlopend project een stuk groter. Daarom steken we veel tijd in deze eerste fase: de initiatiefase, ook wel definitiefase genoemd. Alle wensen en eisen worden in kaart gebracht en zorgvuldig gedocumenteerd. Een beter vertrekpunt is haast niet denkbaar.<\/p>\n<p>&nbsp;<\/p>\n        <\/div>\r\n                <div data-slug=\"ontwerpfase\" class=\"content\">\r\n            <p>Uw Programma van Eisen vormt voor de architect het vertrekpunt voor een eerste ontwerp van uw woning of bedrijfspand. Hij zorgt voor de esthetische vertaling, maar houdt ook rekening met indeling, materiaalgebruik en oppervlakten. De ontwerpfase kent drie fases:<\/p>\n<ol>\n<li>Schetsontwerp (SO)<\/li>\n<li>Voorlopig Ontwerp (VO)<\/li>\n<li>Definitief Ontwerp (DO)<\/li>\n<\/ol>\n<p>&nbsp;<\/p>\n        <\/div>\r\n                <div data-slug=\"voorbereidingsfase\" class=\"content\">\r\n            <p>De ontwerpfase zit erop: uw wensen en eisen voor uw bouwproject zijn vertaald naar een Definitief Ontwerp. Dat betekent dat we in de laatste fase zijn beland voordat daadwerkelijk de schop in de grond gaat. Tijd voor de puntjes op de i.<\/p>\n<p>&nbsp;<\/p>\n        <\/div>\r\n                <div data-slug=\"realisatiefase\" class=\"content\">\r\n            <p>De voorbereidingsfase is achter de rug, de puntjes zijn op de i gezet. We kunnen van start! De aannemer bestelt de materialen en begint met de fundering. Het is een spannende fase, een fase waarbij de vinger goed aan de pols gehouden moet worden. Het kan namelijk maar \u00e9\u00e9n keer goed gaan.<\/p>\n<p>&nbsp;<\/p>\n        <\/div>\r\n                <div data-slug=\"nazorg\" class=\"content\">\r\n            <p>Is uw pand opgeleverd? Vaak resteren er nog wat opleverpunten die de aannemer op moet lossen. Het gaat dan vaak om wat kleine zaken, zoals een klemmende deur of een verkeerde afwerking. BBD Bouwmanagement zorgt ervoor dat ook na oplevering wordt voldaan aan alle afspraken en dat dus ook deze punten nog opgelost worden.<\/p>\n<p>&nbsp;<\/p>\n        <\/div>\r\n                <div class=\"selector\"><\/div>\r\n        <\/div>\r\n    <\/div>\r\n<\/div>\r\n       <\/div>\n    <\/div> <!-- mk_module -->\n  \n      \n      \n              <\/div>\n          <\/div> <!-- mk_rij -->\n        \n          <\/div> <!-- mk_sectie -->\n      <div  id=\"team\"class=\"mk_sectie gezichtenvan\"\n          >\n     \n      \n            <div class=\"mk_rij mk_rij_kolom_1\"\n                >\n    \n                \n        <div class=\"mk_kolom mk_kolom_1 mk_kolom_1_1\"\n                  >\n                \n            \n      \t<div class=\"mk_module mk_tekst\">\n      <div class=\"mk_tekst_inner\">\n<h2><strong>Die Gesichter hinter BBD<\/strong><\/h2>\n<p>Wir m\u00f6chten uns Ihnen gerne vorstellen. M\u00f6chten Sie sich lieber pers\u00f6nlich treffen? Dann nehmen Sie mit uns Kontakt auf. Wir hei\u03b2en Ihnen herzliches Willkommen in unserem B\u00fcro in Oldenzaal.<\/p>\n<\/div>\n    <\/div> <!-- mk_module -->\n  \t<div class=\"mk_module mk_code\">\n      <div class=\"mk_code_inner\">\n\t\r\n    <div class=\"medewerkers\">\r\n\t        <div class=\"medewerker\">\r\n                            <a href=\"https:\/\/nl.linkedin.com\/in\/gerdo-waanders-45989750\" target=\"_blank\" class=\"image linkedin\"><img loading=\"lazy\" decoding=\"async\" width=\"290\" height=\"260\" src=\"https:\/\/www.bbdbouwmanagement.com\/wp-content\/uploads\/2019\/03\/gerdo-waanders-4-290x260.png\" class=\"attachment-medewerker size-medewerker wp-post-image\" alt=\"Gerdo Waanders 9\" \/><\/a> \r\n                            <div class=\"content\">\r\n            <div class=\"name\">Gerdo Waanders<\/div>\r\n                <p>Owner                <a href=\"tel:+31 (0)6 10 47 07 53\">+31 (0)6 10 47 07 53<\/a> \r\n                <a href=\"mailto:g.waanders@bbdbouwmanagement.com\">g.waanders@bbdbouwmanagement.com<\/a> \r\n            <\/div>\r\n        <\/div>\r\n        \r\n\r\n            <div class=\"medewerker\">\r\n                            <a href=\"https:\/\/nl.linkedin.com\/in\/wouter-ten-hove-74aa3019\" target=\"_blank\" class=\"image linkedin\"><img loading=\"lazy\" decoding=\"async\" width=\"290\" height=\"260\" src=\"https:\/\/www.bbdbouwmanagement.com\/wp-content\/uploads\/2019\/03\/wouter-ten-hove-290x260.jpg\" class=\"attachment-medewerker size-medewerker wp-post-image\" alt=\"Wouter ten Hove\" \/><\/a> \r\n                            <div class=\"content\">\r\n            <div class=\"name\">Wouter ten Hove<\/div>\r\n                <p>Projectmanager                <a href=\"tel:+31 (0)6 54 65 19 77\">+31 (0)6 54 65 19 77<\/a> \r\n                <a href=\"mailto:w.tenhove@bbdbouwmanagement.com\">w.tenhove@bbdbouwmanagement.com<\/a> \r\n            <\/div>\r\n        <\/div>\r\n        \r\n\r\n            <div class=\"medewerker\">\r\n                            <a href=\"https:\/\/nl.linkedin.com\/in\/raymond-rupert-20a68399\" target=\"_blank\" class=\"image linkedin\"><img loading=\"lazy\" decoding=\"async\" width=\"290\" height=\"260\" src=\"https:\/\/www.bbdbouwmanagement.com\/wp-content\/uploads\/2019\/03\/raymond-rupert-290x260.jpg\" class=\"attachment-medewerker size-medewerker wp-post-image\" alt=\"Raymond Rupert\" \/><\/a> \r\n                            <div class=\"content\">\r\n            <div class=\"name\">Raymond Rupert<\/div>\r\n                <p>Projectvoorbereider                <a href=\"tel:+31 (0)541 55 49 60\">+31 (0)541 55 49 60<\/a> \r\n                <a href=\"mailto:r.rupert@bbdbouwmanagement.com\">r.rupert@bbdbouwmanagement.com<\/a> \r\n            <\/div>\r\n        <\/div>\r\n        \r\n\r\n            <div class=\"medewerker\">\r\n                            <div class=\"image\"><\/div> \r\n                            <div class=\"content\">\r\n            <div class=\"name\">Monique Lodeweges<\/div>\r\n                <p>Officemanager                <a href=\"tel:+31 (0)541 55 49 60\">+31 (0)541 55 49 60<\/a> \r\n                <a href=\"mailto:m.lodeweges@bbdbouwmanagement.com\">m.lodeweges@bbdbouwmanagement.com<\/a> \r\n            <\/div>\r\n        <\/div>\r\n        \r\n\r\n        <\/div>\r\n       <\/div>\n    <\/div> <!-- mk_module -->\n  \n      \n      \n              <\/div>\n          <\/div> <!-- mk_rij -->\n        \n          <\/div> <!-- mk_sectie -->\n  ","protected":false},"excerpt":{"rendered":"<p>Over BBD Unsere St\u00e4rke BBD Bouwmanagement ist ein unabh\u00e4ngiges Beratungsunternehmen f\u00fcr Geb\u00e4ude mit \u00fcber 10 Jahren Erfahrung. BBD Bouwmanagement ist<\/p>\n","protected":false},"author":1,"featured_media":0,"parent":0,"menu_order":0,"comment_status":"closed","ping_status":"closed","template":"","meta":{"_acf_changed":false,"footnotes":""},"class_list":["post-1292","page","type-page","status-publish","hentry"],"acf":[],"yoast_head":"<!-- This site is optimized with the Yoast SEO plugin v27.5 - https:\/\/yoast.com\/product\/yoast-seo-wordpress\/ -->\n<title>\u00dcber BBD - BBD Bouwmanagement<\/title>\n<meta name=\"robots\" content=\"index, follow, max-snippet:-1, max-image-preview:large, max-video-preview:-1\" \/>\n<link rel=\"canonical\" href=\"https:\/\/www.bbdbouwmanagement.com\/de\/ueber-bbd\/\" \/>\n<meta property=\"og:locale\" content=\"de_DE\" \/>\n<meta property=\"og:type\" content=\"article\" \/>\n<meta property=\"og:title\" content=\"\u00dcber BBD - BBD Bouwmanagement\" \/>\n<meta property=\"og:description\" content=\"Over BBD Unsere St\u00e4rke BBD Bouwmanagement ist ein unabh\u00e4ngiges Beratungsunternehmen f\u00fcr Geb\u00e4ude mit \u00fcber 10 Jahren Erfahrung. BBD Bouwmanagement ist\" \/>\n<meta property=\"og:url\" content=\"https:\/\/www.bbdbouwmanagement.com\/de\/ueber-bbd\/\" \/>\n<meta property=\"og:site_name\" content=\"BBD Bouwmanagement\" \/>\n<meta property=\"article:modified_time\" content=\"2019-06-27T14:20:06+00:00\" \/>\n<meta name=\"twitter:card\" content=\"summary_large_image\" \/>\n<meta name=\"twitter:label1\" content=\"Gesch\u00e4tzte Lesezeit\" \/>\n\t<meta name=\"twitter:data1\" content=\"2\u00a0Minuten\" \/>\n<script type=\"application\/ld+json\" class=\"yoast-schema-graph\">{\"@context\":\"https:\\\/\\\/schema.org\",\"@graph\":[{\"@type\":\"WebPage\",\"@id\":\"https:\\\/\\\/www.bbdbouwmanagement.com\\\/de\\\/ueber-bbd\\\/\",\"url\":\"https:\\\/\\\/www.bbdbouwmanagement.com\\\/de\\\/ueber-bbd\\\/\",\"name\":\"\u00dcber BBD - BBD Bouwmanagement\",\"isPartOf\":{\"@id\":\"https:\\\/\\\/www.bbdbouwmanagement.com\\\/#website\"},\"datePublished\":\"2019-03-19T10:40:23+00:00\",\"dateModified\":\"2019-06-27T14:20:06+00:00\",\"breadcrumb\":{\"@id\":\"https:\\\/\\\/www.bbdbouwmanagement.com\\\/de\\\/ueber-bbd\\\/#breadcrumb\"},\"inLanguage\":\"de\",\"potentialAction\":[{\"@type\":\"ReadAction\",\"target\":[\"https:\\\/\\\/www.bbdbouwmanagement.com\\\/de\\\/ueber-bbd\\\/\"]}]},{\"@type\":\"BreadcrumbList\",\"@id\":\"https:\\\/\\\/www.bbdbouwmanagement.com\\\/de\\\/ueber-bbd\\\/#breadcrumb\",\"itemListElement\":[{\"@type\":\"ListItem\",\"position\":1,\"name\":\"Home\",\"item\":\"https:\\\/\\\/www.bbdbouwmanagement.com\\\/de\\\/\"},{\"@type\":\"ListItem\",\"position\":2,\"name\":\"\u00dcber BBD\"}]},{\"@type\":\"WebSite\",\"@id\":\"https:\\\/\\\/www.bbdbouwmanagement.com\\\/#website\",\"url\":\"https:\\\/\\\/www.bbdbouwmanagement.com\\\/\",\"name\":\"BBD Bouwmanagement\",\"description\":\"\",\"potentialAction\":[{\"@type\":\"SearchAction\",\"target\":{\"@type\":\"EntryPoint\",\"urlTemplate\":\"https:\\\/\\\/www.bbdbouwmanagement.com\\\/?s={search_term_string}\"},\"query-input\":{\"@type\":\"PropertyValueSpecification\",\"valueRequired\":true,\"valueName\":\"search_term_string\"}}],\"inLanguage\":\"de\"}]}<\/script>\n<!-- \/ Yoast SEO plugin. -->","yoast_head_json":{"title":"\u00dcber BBD - BBD Bouwmanagement","robots":{"index":"index","follow":"follow","max-snippet":"max-snippet:-1","max-image-preview":"max-image-preview:large","max-video-preview":"max-video-preview:-1"},"canonical":"https:\/\/www.bbdbouwmanagement.com\/de\/ueber-bbd\/","og_locale":"de_DE","og_type":"article","og_title":"\u00dcber BBD - BBD Bouwmanagement","og_description":"Over BBD Unsere St\u00e4rke BBD Bouwmanagement ist ein unabh\u00e4ngiges Beratungsunternehmen f\u00fcr Geb\u00e4ude mit \u00fcber 10 Jahren Erfahrung. BBD Bouwmanagement ist","og_url":"https:\/\/www.bbdbouwmanagement.com\/de\/ueber-bbd\/","og_site_name":"BBD Bouwmanagement","article_modified_time":"2019-06-27T14:20:06+00:00","twitter_card":"summary_large_image","twitter_misc":{"Gesch\u00e4tzte Lesezeit":"2\u00a0Minuten"},"schema":{"@context":"https:\/\/schema.org","@graph":[{"@type":"WebPage","@id":"https:\/\/www.bbdbouwmanagement.com\/de\/ueber-bbd\/","url":"https:\/\/www.bbdbouwmanagement.com\/de\/ueber-bbd\/","name":"\u00dcber BBD - BBD Bouwmanagement","isPartOf":{"@id":"https:\/\/www.bbdbouwmanagement.com\/#website"},"datePublished":"2019-03-19T10:40:23+00:00","dateModified":"2019-06-27T14:20:06+00:00","breadcrumb":{"@id":"https:\/\/www.bbdbouwmanagement.com\/de\/ueber-bbd\/#breadcrumb"},"inLanguage":"de","potentialAction":[{"@type":"ReadAction","target":["https:\/\/www.bbdbouwmanagement.com\/de\/ueber-bbd\/"]}]},{"@type":"BreadcrumbList","@id":"https:\/\/www.bbdbouwmanagement.com\/de\/ueber-bbd\/#breadcrumb","itemListElement":[{"@type":"ListItem","position":1,"name":"Home","item":"https:\/\/www.bbdbouwmanagement.com\/de\/"},{"@type":"ListItem","position":2,"name":"\u00dcber BBD"}]},{"@type":"WebSite","@id":"https:\/\/www.bbdbouwmanagement.com\/#website","url":"https:\/\/www.bbdbouwmanagement.com\/","name":"BBD Bouwmanagement","description":"","potentialAction":[{"@type":"SearchAction","target":{"@type":"EntryPoint","urlTemplate":"https:\/\/www.bbdbouwmanagement.com\/?s={search_term_string}"},"query-input":{"@type":"PropertyValueSpecification","valueRequired":true,"valueName":"search_term_string"}}],"inLanguage":"de"}]}},"_links":{"self":[{"href":"https:\/\/www.bbdbouwmanagement.com\/de\/wp-json\/wp\/v2\/pages\/1292","targetHints":{"allow":["GET"]}}],"collection":[{"href":"https:\/\/www.bbdbouwmanagement.com\/de\/wp-json\/wp\/v2\/pages"}],"about":[{"href":"https:\/\/www.bbdbouwmanagement.com\/de\/wp-json\/wp\/v2\/types\/page"}],"author":[{"embeddable":true,"href":"https:\/\/www.bbdbouwmanagement.com\/de\/wp-json\/wp\/v2\/users\/1"}],"replies":[{"embeddable":true,"href":"https:\/\/www.bbdbouwmanagement.com\/de\/wp-json\/wp\/v2\/comments?post=1292"}],"version-history":[{"count":5,"href":"https:\/\/www.bbdbouwmanagement.com\/de\/wp-json\/wp\/v2\/pages\/1292\/revisions"}],"predecessor-version":[{"id":1303,"href":"https:\/\/www.bbdbouwmanagement.com\/de\/wp-json\/wp\/v2\/pages\/1292\/revisions\/1303"}],"wp:attachment":[{"href":"https:\/\/www.bbdbouwmanagement.com\/de\/wp-json\/wp\/v2\/media?parent=1292"}],"curies":[{"name":"wp","href":"https:\/\/api.w.org\/{rel}","templated":true}]}}